{"id":100,"date":"2026-04-02T19:29:48","date_gmt":"2026-04-02T19:29:48","guid":{"rendered":"https:\/\/aubaelle.com\/index.php\/home\/"},"modified":"2026-04-07T21:12:51","modified_gmt":"2026-04-07T21:12:51","slug":"accueil-2","status":"publish","type":"page","link":"https:\/\/aubaelle.com\/","title":{"rendered":"Accueil Aubaelle"},"content":{"rendered":"\t\t<div data-elementor-type=\"wp-page\" data-elementor-id=\"100\" class=\"elementor elementor-100\">\n\t\t\t\t<div class=\"elementor-element elementor-element-8242c31 e-flex e-con-boxed e-con e-parent\" data-id=\"8242c31\" data-element_type=\"container\" data-e-type=\"container\">\n\t\t\t\t\t<div class=\"e-con-inner\">\n\t\t<div class=\"elementor-element elementor-element-feb6e55 e-con-full e-flex e-con e-child\" data-id=\"feb6e55\" data-element_type=\"container\" data-e-type=\"container\">\n\t\t\t\t<\/div>\n\t\t<div class=\"elementor-element elementor-element-8e5a11b e-con-full e-flex e-con e-child\" data-id=\"8e5a11b\" data-element_type=\"container\" data-e-type=\"container\">\n\t\t\t\t<div class=\"elementor-element elementor-element-194419f elementor-widget elementor-widget-image\" data-id=\"194419f\" data-element_type=\"widget\" data-e-type=\"widget\" data-widget_type=\"image.default\">\n\t\t\t\t\t\t\t\t\t\t\t\t\t\t\t<img fetchpriority=\"high\" decoding=\"async\" width=\"1024\" height=\"683\" src=\"https:\/\/aubaelle.com\/wp-content\/uploads\/2026\/04\/ChatGPT-Image-2-avr.-2026-21_44_15-1024x683.png\" class=\"attachment-large size-large wp-image-125\" alt=\"\" srcset=\"https:\/\/aubaelle.com\/wp-content\/uploads\/2026\/04\/ChatGPT-Image-2-avr.-2026-21_44_15-1024x683.png 1024w, https:\/\/aubaelle.com\/wp-content\/uploads\/2026\/04\/ChatGPT-Image-2-avr.-2026-21_44_15-300x200.png 300w, https:\/\/aubaelle.com\/wp-content\/uploads\/2026\/04\/ChatGPT-Image-2-avr.-2026-21_44_15-768x512.png 768w, https:\/\/aubaelle.com\/wp-content\/uploads\/2026\/04\/ChatGPT-Image-2-avr.-2026-21_44_15.png 1536w\" sizes=\"(max-width: 1024px) 100vw, 1024px\" \/>\t\t\t\t\t\t\t\t\t\t\t\t\t\t\t<\/div>\n\t\t\t\t<\/div>\n\t\t<div class=\"elementor-element elementor-element-ba3545e e-con-full e-flex e-con e-child\" data-id=\"ba3545e\" data-element_type=\"container\" data-e-type=\"container\">\n\t\t\t\t<\/div>\n\t\t\t\t\t<\/div>\n\t\t\t\t<\/div>\n\t\t<div class=\"elementor-element elementor-element-7b997a6 e-flex e-con-boxed e-con e-parent\" data-id=\"7b997a6\" data-element_type=\"container\" data-e-type=\"container\" data-settings=\"{&quot;background_background&quot;:&quot;gradient&quot;}\">\n\t\t\t\t\t<div class=\"e-con-inner\">\n\t\t\t\t<div class=\"elementor-element elementor-element-514e84a elementor-widget elementor-widget-text-editor\" data-id=\"514e84a\" data-element_type=\"widget\" data-e-type=\"widget\" data-widget_type=\"text-editor.default\">\n\t\t\t\t\t\t\t\t\t<p><a href=\"https:\/\/aubaelle.com\/index.php\/about\/\">Notre histoire \u2022 \u00a0<\/a><a href=\"https:\/\/aubaelle.com\/index.php\/contact\/\">Nous contacter<\/a><\/p>\t\t\t\t\t\t\t\t<\/div>\n\t\t\t\t\t<\/div>\n\t\t\t\t<\/div>\n\t\t<div class=\"elementor-element elementor-element-2682e1a8 e-flex e-con-boxed e-con e-parent\" data-id=\"2682e1a8\" data-element_type=\"container\" data-e-type=\"container\">\n\t\t\t\t\t<div class=\"e-con-inner\">\n\t\t\t\t<div class=\"elementor-element elementor-element-73fa7e40 elementor-widget elementor-widget-heading\" data-id=\"73fa7e40\" data-element_type=\"widget\" data-e-type=\"widget\" data-widget_type=\"heading.default\">\n\t\t\t\t\t<h1 class=\"elementor-heading-title elementor-size-default\">L'\u00e9l\u00e9gance qui vous ressemble<\/h1>\t\t\t\t<\/div>\n\t\t\t\t\t<\/div>\n\t\t\t\t<\/div>\n\t\t<div class=\"elementor-element elementor-element-22d124b e-flex e-con-boxed e-con e-parent\" data-id=\"22d124b\" data-element_type=\"container\" data-e-type=\"container\">\n\t\t\t\t\t<div class=\"e-con-inner\">\n\t\t\t\t<div class=\"elementor-element elementor-element-d1ccee1 e-con e-atomic-element e-div-block-base\" data-id=\"d1ccee1\" data-element_type=\"e-div-block\" data-e-type=\"e-div-block\" data-interaction-id=\"d1ccee1\">\n\t\t\t\t<div class=\"elementor-element elementor-element-40cdeb1 elementor-widget elementor-widget-heading\" data-id=\"40cdeb1\" data-element_type=\"widget\" data-e-type=\"widget\" data-widget_type=\"heading.default\">\n\t\t\t\t\t<h2 class=\"elementor-heading-title elementor-size-default\">Des cr\u00e9ations d'exception : une pi\u00e8ce, votre histoire.<\/h2>\t\t\t\t<\/div>\n\t\t\t\t<\/div>\n\t\t\t\t\t<\/div>\n\t\t\t\t<\/div>\n\t\t\t\t<div class=\"elementor-element elementor-element-7e528ca e-con e-atomic-element e-flexbox-base\" data-id=\"7e528ca\" data-element_type=\"e-flexbox\" data-e-type=\"e-flexbox\" data-interaction-id=\"7e528ca\">\n\t\t\t\t<\/div>\n\t\t<div class=\"elementor-element elementor-element-75798e8 e-flex e-con-boxed e-con e-parent\" data-id=\"75798e8\" data-element_type=\"container\" data-e-type=\"container\">\n\t\t\t\t\t<div class=\"e-con-inner\">\n\t\t\t\t\t<\/div>\n\t\t\t\t<\/div>\n\t\t<div class=\"elementor-element elementor-element-453ac95e e-con-full e-flex e-con e-parent\" data-id=\"453ac95e\" data-element_type=\"container\" data-e-type=\"container\" data-settings=\"{&quot;background_background&quot;:&quot;classic&quot;}\">\n\t\t<div class=\"elementor-element elementor-element-30bbc17a animated-slow e-con-full e-flex elementor-invisible e-con e-child\" data-id=\"30bbc17a\" data-element_type=\"container\" data-e-type=\"container\" data-settings=\"{&quot;animation&quot;:&quot;slideInRight&quot;}\">\n\t\t\t\t<div class=\"elementor-element elementor-element-4daec7df elementor-widget elementor-widget-image\" data-id=\"4daec7df\" data-element_type=\"widget\" data-e-type=\"widget\" data-widget_type=\"image.default\">\n\t\t\t\t\t\t\t\t\t\t\t\t\t\t\t<img decoding=\"async\" width=\"1600\" height=\"800\" src=\"https:\/\/aubaelle.com\/wp-content\/uploads\/2026\/04\/WhatsApp-Image-2026-01-03-at-15.17.40.jpeg\" class=\"elementor-animation-float attachment-full size-full wp-image-16\" alt=\"\" srcset=\"https:\/\/aubaelle.com\/wp-content\/uploads\/2026\/04\/WhatsApp-Image-2026-01-03-at-15.17.40.jpeg 1600w, https:\/\/aubaelle.com\/wp-content\/uploads\/2026\/04\/WhatsApp-Image-2026-01-03-at-15.17.40-300x150.jpeg 300w, https:\/\/aubaelle.com\/wp-content\/uploads\/2026\/04\/WhatsApp-Image-2026-01-03-at-15.17.40-1024x512.jpeg 1024w, https:\/\/aubaelle.com\/wp-content\/uploads\/2026\/04\/WhatsApp-Image-2026-01-03-at-15.17.40-768x384.jpeg 768w, https:\/\/aubaelle.com\/wp-content\/uploads\/2026\/04\/WhatsApp-Image-2026-01-03-at-15.17.40-1536x768.jpeg 1536w\" sizes=\"(max-width: 1600px) 100vw, 1600px\" \/>\t\t\t\t\t\t\t\t\t\t\t\t\t\t\t<\/div>\n\t\t\t\t<div class=\"elementor-element elementor-element-7a6c47bf elementor-widget elementor-widget-heading\" data-id=\"7a6c47bf\" data-element_type=\"widget\" data-e-type=\"widget\" data-widget_type=\"heading.default\">\n\t\t\t\t\t<h3 class=\"elementor-heading-title elementor-size-default\">emera<\/h3>\t\t\t\t<\/div>\n\t\t\t\t<div class=\"elementor-element elementor-element-42342bcd elementor-widget elementor-widget-text-editor\" data-id=\"42342bcd\" data-element_type=\"widget\" data-e-type=\"widget\" data-widget_type=\"text-editor.default\">\n\t\t\t\t\t\t\t\t\t<p>Prochainement disponible<\/p>\t\t\t\t\t\t\t\t<\/div>\n\t\t\t\t<\/div>\n\t\t<div class=\"elementor-element elementor-element-106258f6 e-con-full e-flex e-con e-child\" data-id=\"106258f6\" data-element_type=\"container\" data-e-type=\"container\">\n\t\t\t\t<div class=\"elementor-element elementor-element-9684a38 elementor-widget elementor-widget-image\" data-id=\"9684a38\" data-element_type=\"widget\" data-e-type=\"widget\" data-widget_type=\"image.default\">\n\t\t\t\t\t\t\t\t\t\t\t\t\t\t\t<img decoding=\"async\" width=\"1600\" height=\"800\" src=\"https:\/\/aubaelle.com\/wp-content\/uploads\/2026\/04\/WhatsApp-Image-2026-01-03-at-15.17.39.jpeg\" class=\"elementor-animation-float attachment-full size-full wp-image-15\" alt=\"\" srcset=\"https:\/\/aubaelle.com\/wp-content\/uploads\/2026\/04\/WhatsApp-Image-2026-01-03-at-15.17.39.jpeg 1600w, https:\/\/aubaelle.com\/wp-content\/uploads\/2026\/04\/WhatsApp-Image-2026-01-03-at-15.17.39-300x150.jpeg 300w, https:\/\/aubaelle.com\/wp-content\/uploads\/2026\/04\/WhatsApp-Image-2026-01-03-at-15.17.39-1024x512.jpeg 1024w, https:\/\/aubaelle.com\/wp-content\/uploads\/2026\/04\/WhatsApp-Image-2026-01-03-at-15.17.39-768x384.jpeg 768w, https:\/\/aubaelle.com\/wp-content\/uploads\/2026\/04\/WhatsApp-Image-2026-01-03-at-15.17.39-1536x768.jpeg 1536w\" sizes=\"(max-width: 1600px) 100vw, 1600px\" \/>\t\t\t\t\t\t\t\t\t\t\t\t\t\t\t<\/div>\n\t\t\t\t<div class=\"elementor-element elementor-element-6d19f033 elementor-widget elementor-widget-heading\" data-id=\"6d19f033\" data-element_type=\"widget\" data-e-type=\"widget\" data-widget_type=\"heading.default\">\n\t\t\t\t\t<h3 class=\"elementor-heading-title elementor-size-default\">aurea<\/h3>\t\t\t\t<\/div>\n\t\t\t\t<div class=\"elementor-element elementor-element-780eef0 elementor-widget elementor-widget-text-editor\" data-id=\"780eef0\" data-element_type=\"widget\" data-e-type=\"widget\" data-widget_type=\"text-editor.default\">\n\t\t\t\t\t\t\t\t\t<p>Prochainement disponible<\/p>\t\t\t\t\t\t\t\t<\/div>\n\t\t\t\t<\/div>\n\t\t<div class=\"elementor-element elementor-element-703eba69 animated-slow e-con-full e-flex elementor-invisible e-con e-child\" data-id=\"703eba69\" data-element_type=\"container\" data-e-type=\"container\" data-settings=\"{&quot;animation&quot;:&quot;slideInLeft&quot;}\">\n\t\t\t\t<div class=\"elementor-element elementor-element-73d441e1 elementor-widget elementor-widget-image\" data-id=\"73d441e1\" data-element_type=\"widget\" data-e-type=\"widget\" data-widget_type=\"image.default\">\n\t\t\t\t\t\t\t\t\t\t\t\t\t\t\t<img loading=\"lazy\" decoding=\"async\" width=\"1600\" height=\"800\" src=\"https:\/\/aubaelle.com\/wp-content\/uploads\/2026\/04\/WhatsApp-Image-2026-01-03-at-15.17.36.jpeg\" class=\"elementor-animation-float attachment-full size-full wp-image-9\" alt=\"\" srcset=\"https:\/\/aubaelle.com\/wp-content\/uploads\/2026\/04\/WhatsApp-Image-2026-01-03-at-15.17.36.jpeg 1600w, https:\/\/aubaelle.com\/wp-content\/uploads\/2026\/04\/WhatsApp-Image-2026-01-03-at-15.17.36-300x150.jpeg 300w, https:\/\/aubaelle.com\/wp-content\/uploads\/2026\/04\/WhatsApp-Image-2026-01-03-at-15.17.36-1024x512.jpeg 1024w, https:\/\/aubaelle.com\/wp-content\/uploads\/2026\/04\/WhatsApp-Image-2026-01-03-at-15.17.36-768x384.jpeg 768w, https:\/\/aubaelle.com\/wp-content\/uploads\/2026\/04\/WhatsApp-Image-2026-01-03-at-15.17.36-1536x768.jpeg 1536w\" sizes=\"(max-width: 1600px) 100vw, 1600px\" \/>\t\t\t\t\t\t\t\t\t\t\t\t\t\t\t<\/div>\n\t\t\t\t<div class=\"elementor-element elementor-element-332ba3c3 elementor-widget elementor-widget-heading\" data-id=\"332ba3c3\" data-element_type=\"widget\" data-e-type=\"widget\" data-widget_type=\"heading.default\">\n\t\t\t\t\t<h3 class=\"elementor-heading-title elementor-size-default\">Stellia<\/h3>\t\t\t\t<\/div>\n\t\t\t\t<div class=\"elementor-element elementor-element-29942e65 elementor-widget elementor-widget-text-editor\" data-id=\"29942e65\" data-element_type=\"widget\" data-e-type=\"widget\" data-widget_type=\"text-editor.default\">\n\t\t\t\t\t\t\t\t\t<p>Prochainement disponible<\/p>\t\t\t\t\t\t\t\t<\/div>\n\t\t\t\t<\/div>\n\t\t\t\t<\/div>\n\t\t<div class=\"elementor-element elementor-element-13f499b4 e-con-full e-flex e-con e-parent\" data-id=\"13f499b4\" data-element_type=\"container\" data-e-type=\"container\" data-settings=\"{&quot;background_background&quot;:&quot;classic&quot;}\">\n\t\t<div class=\"elementor-element elementor-element-7a0a4d4b e-con-full e-flex e-con e-child\" data-id=\"7a0a4d4b\" data-element_type=\"container\" data-e-type=\"container\">\n\t\t\t\t<div class=\"elementor-element elementor-element-1990d4b5 animated-slow elementor-invisible elementor-widget elementor-widget-image\" data-id=\"1990d4b5\" data-element_type=\"widget\" data-e-type=\"widget\" data-settings=\"{&quot;_animation&quot;:&quot;slideInRight&quot;}\" data-widget_type=\"image.default\">\n\t\t\t\t\t\t\t\t\t\t\t\t\t\t\t<img loading=\"lazy\" decoding=\"async\" width=\"1080\" height=\"1080\" src=\"https:\/\/aubaelle.com\/wp-content\/uploads\/2026\/04\/WhatsApp-Image-2026-01-21-at-18.27.06.jpeg\" class=\"attachment-full size-full wp-image-21\" alt=\"\" srcset=\"https:\/\/aubaelle.com\/wp-content\/uploads\/2026\/04\/WhatsApp-Image-2026-01-21-at-18.27.06.jpeg 1080w, https:\/\/aubaelle.com\/wp-content\/uploads\/2026\/04\/WhatsApp-Image-2026-01-21-at-18.27.06-300x300.jpeg 300w, https:\/\/aubaelle.com\/wp-content\/uploads\/2026\/04\/WhatsApp-Image-2026-01-21-at-18.27.06-1024x1024.jpeg 1024w, https:\/\/aubaelle.com\/wp-content\/uploads\/2026\/04\/WhatsApp-Image-2026-01-21-at-18.27.06-150x150.jpeg 150w, https:\/\/aubaelle.com\/wp-content\/uploads\/2026\/04\/WhatsApp-Image-2026-01-21-at-18.27.06-768x768.jpeg 768w\" sizes=\"(max-width: 1080px) 100vw, 1080px\" \/>\t\t\t\t\t\t\t\t\t\t\t\t\t\t\t<\/div>\n\t\t\t\t<\/div>\n\t\t<div class=\"elementor-element elementor-element-4c62e2ff e-con-full e-flex e-con e-child\" data-id=\"4c62e2ff\" data-element_type=\"container\" data-e-type=\"container\">\n\t\t\t\t<div class=\"elementor-element elementor-element-230d14e8 elementor-widget elementor-widget-heading\" data-id=\"230d14e8\" data-element_type=\"widget\" data-e-type=\"widget\" data-widget_type=\"heading.default\">\n\t\t\t\t\t<h2 class=\"elementor-heading-title elementor-size-default\">Joaillerie Premium sur mesure <\/h2>\t\t\t\t<\/div>\n\t\t\t\t<div class=\"elementor-element elementor-element-50d6a059 elementor-tablet-align-center elementor-align-center elementor-widget elementor-widget-button\" data-id=\"50d6a059\" data-element_type=\"widget\" data-e-type=\"widget\" data-widget_type=\"button.default\">\n\t\t\t\t\t\t\t\t\t\t<a class=\"elementor-button elementor-button-link elementor-size-sm elementor-animation-float\" href=\"https:\/\/aubaelle.com\/index.php\/about\/\">\n\t\t\t\t\t\t<span class=\"elementor-button-content-wrapper\">\n\t\t\t\t\t\t\t\t\t<span class=\"elementor-button-text\">Mieux nous connaitre<\/span>\n\t\t\t\t\t<\/span>\n\t\t\t\t\t<\/a>\n\t\t\t\t\t\t\t\t<\/div>\n\t\t\t\t<\/div>\n\t\t\t\t<\/div>\n\t\t<div class=\"elementor-element elementor-element-7c3c9e0b e-flex e-con-boxed e-con e-parent\" data-id=\"7c3c9e0b\" data-element_type=\"container\" data-e-type=\"container\">\n\t\t\t\t\t<div class=\"e-con-inner\">\n\t\t<div class=\"elementor-element elementor-element-18fbac87 e-con-full e-flex e-con e-child\" data-id=\"18fbac87\" data-element_type=\"container\" data-e-type=\"container\">\n\t\t\t\t<div class=\"elementor-element elementor-element-372d943e elementor-tablet-align-center elementor-widget elementor-widget-button\" data-id=\"372d943e\" data-element_type=\"widget\" data-e-type=\"widget\" data-widget_type=\"button.default\">\n\t\t\t\t\t\t\t\t\t\t<a class=\"elementor-button elementor-button-link elementor-size-sm elementor-animation-float\" href=\"https:\/\/aubaelle.com\/index.php\/contact\/\">\n\t\t\t\t\t\t<span class=\"elementor-button-content-wrapper\">\n\t\t\t\t\t\t\t\t\t<span class=\"elementor-button-text\">Contactez-nous<\/span>\n\t\t\t\t\t<\/span>\n\t\t\t\t\t<\/a>\n\t\t\t\t\t\t\t\t<\/div>\n\t\t\t\t<\/div>\n\t\t<div class=\"elementor-element elementor-element-5431b8bd e-con-full e-flex e-con e-child\" data-id=\"5431b8bd\" data-element_type=\"container\" data-e-type=\"container\">\n\t\t\t\t<div class=\"elementor-element elementor-element-216702ae e-transform elementor-invisible elementor-widget elementor-widget-image\" data-id=\"216702ae\" data-element_type=\"widget\" data-e-type=\"widget\" data-settings=\"{&quot;_transform_rotateZ_effect&quot;:{&quot;unit&quot;:&quot;px&quot;,&quot;size&quot;:15,&quot;sizes&quot;:[]},&quot;_animation&quot;:&quot;rotateInDownLeft&quot;,&quot;_transform_rotateZ_effect_tablet&quot;:{&quot;unit&quot;:&quot;deg&quot;,&quot;size&quot;:&quot;&quot;,&quot;sizes&quot;:[]},&quot;_transform_rotateZ_effect_mobile&quot;:{&quot;unit&quot;:&quot;deg&quot;,&quot;size&quot;:&quot;&quot;,&quot;sizes&quot;:[]}}\" data-widget_type=\"image.default\">\n\t\t\t\t\t\t\t\t\t\t\t\t\t\t\t<img loading=\"lazy\" decoding=\"async\" width=\"1600\" height=\"899\" src=\"https:\/\/aubaelle.com\/wp-content\/uploads\/2026\/04\/WhatsApp-Image-2026-01-03-at-15.17.34.jpeg\" class=\"attachment-full size-full wp-image-12\" alt=\"\" srcset=\"https:\/\/aubaelle.com\/wp-content\/uploads\/2026\/04\/WhatsApp-Image-2026-01-03-at-15.17.34.jpeg 1600w, https:\/\/aubaelle.com\/wp-content\/uploads\/2026\/04\/WhatsApp-Image-2026-01-03-at-15.17.34-300x169.jpeg 300w, https:\/\/aubaelle.com\/wp-content\/uploads\/2026\/04\/WhatsApp-Image-2026-01-03-at-15.17.34-1024x575.jpeg 1024w, https:\/\/aubaelle.com\/wp-content\/uploads\/2026\/04\/WhatsApp-Image-2026-01-03-at-15.17.34-768x432.jpeg 768w, https:\/\/aubaelle.com\/wp-content\/uploads\/2026\/04\/WhatsApp-Image-2026-01-03-at-15.17.34-1536x863.jpeg 1536w\" sizes=\"(max-width: 1600px) 100vw, 1600px\" \/>\t\t\t\t\t\t\t\t\t\t\t\t\t\t\t<\/div>\n\t\t\t\t<\/div>\n\t\t\t\t\t<\/div>\n\t\t\t\t<\/div>\n\t\t<div class=\"elementor-element elementor-element-d2d6a44 e-flex e-con-boxed e-con e-parent\" data-id=\"d2d6a44\" data-element_type=\"container\" data-e-type=\"container\">\n\t\t\t\t\t<div class=\"e-con-inner\">\n\t\t\t\t<div class=\"elementor-element elementor-element-a93f456 elementor-widget elementor-widget-text-editor\" data-id=\"a93f456\" data-element_type=\"widget\" data-e-type=\"widget\" data-widget_type=\"text-editor.default\">\n\t\t\t\t\t\t\t\t\t<p><span style=\"text-wrap-mode: initial;\">\u00a92026 AUBAELLE\u00a0<\/span><\/p><p><a href=\"https:\/\/aubaelle.com\/index.php\/mentions-legales\/\"><span style=\"text-wrap-mode: initial;\">Mentions l\u00e9gales<\/span><\/a><\/p>\t\t\t\t\t\t\t\t<\/div>\n\t\t\t\t\t<\/div>\n\t\t\t\t<\/div>\n\t\t\t\t<\/div>\n\t\t","protected":false},"excerpt":{"rendered":"<p>Notre histoire \u2022 \u00a0Nous contacter L&#8217;\u00e9l\u00e9gance qui vous ressemble Des cr\u00e9ations d&#8217;exception : une pi\u00e8ce, votre histoire. emera Prochainement disponible aurea Prochainement disponible Stellia Prochainement disponible Joaillerie Premium sur mesure Mieux nous connaitre Contactez-nous \u00a92026 AUBAELLE\u00a0 Mentions l\u00e9gales<\/p>\n","protected":false},"author":1,"featured_media":0,"parent":0,"menu_order":0,"comment_status":"closed","ping_status":"closed","template":"elementor_canvas","meta":{"footnotes":""},"class_list":["post-100","page","type-page","status-publish","hentry"],"_links":{"self":[{"href":"https:\/\/aubaelle.com\/index.php\/wp-json\/wp\/v2\/pages\/100","targetHints":{"allow":["GET"]}}],"collection":[{"href":"https:\/\/aubaelle.com\/index.php\/wp-json\/wp\/v2\/pages"}],"about":[{"href":"https:\/\/aubaelle.com\/index.php\/wp-json\/wp\/v2\/types\/page"}],"author":[{"embeddable":true,"href":"https:\/\/aubaelle.com\/index.php\/wp-json\/wp\/v2\/users\/1"}],"replies":[{"embeddable":true,"href":"https:\/\/aubaelle.com\/index.php\/wp-json\/wp\/v2\/comments?post=100"}],"version-history":[{"count":269,"href":"https:\/\/aubaelle.com\/index.php\/wp-json\/wp\/v2\/pages\/100\/revisions"}],"predecessor-version":[{"id":533,"href":"https:\/\/aubaelle.com\/index.php\/wp-json\/wp\/v2\/pages\/100\/revisions\/533"}],"wp:attachment":[{"href":"https:\/\/aubaelle.com\/index.php\/wp-json\/wp\/v2\/media?parent=100"}],"curies":[{"name":"wp","href":"https:\/\/api.w.org\/{rel}","templated":true}]}}