{"id":90,"date":"2026-04-02T19:29:47","date_gmt":"2026-04-02T19:29:47","guid":{"rendered":"https:\/\/aubaelle.com\/index.php\/about\/"},"modified":"2026-04-07T13:58:54","modified_gmt":"2026-04-07T13:58:54","slug":"about","status":"publish","type":"page","link":"https:\/\/aubaelle.com\/index.php\/about\/","title":{"rendered":"A propos"},"content":{"rendered":"\t\t<div data-elementor-type=\"wp-page\" data-elementor-id=\"90\" class=\"elementor elementor-90\">\n\t\t\t\t<div class=\"elementor-element elementor-element-907e339 e-flex e-con-boxed e-con e-parent\" data-id=\"907e339\" data-element_type=\"container\" data-e-type=\"container\">\n\t\t\t\t\t<div class=\"e-con-inner\">\n\t\t\t\t<div class=\"elementor-element elementor-element-f1434aa elementor-widget elementor-widget-text-editor\" data-id=\"f1434aa\" data-element_type=\"widget\" data-e-type=\"widget\" data-widget_type=\"text-editor.default\">\n\t\t\t\t\t\t\t\t\t<p><a href=\"\/\">Accueil<\/a> \u2022 <a href=\"https:\/\/aubaelle.com\/index.php\/contact\/\">Nous contacter<\/a><\/p>\t\t\t\t\t\t\t\t<\/div>\n\t\t\t\t\t<\/div>\n\t\t\t\t<\/div>\n\t\t<div class=\"elementor-element elementor-element-e52473b e-flex e-con-boxed e-con e-parent\" data-id=\"e52473b\" data-element_type=\"container\" data-e-type=\"container\" data-settings=\"{&quot;background_background&quot;:&quot;classic&quot;}\">\n\t\t\t\t\t<div class=\"e-con-inner\">\n\t\t<div class=\"elementor-element elementor-element-4948ece8 e-con-full e-flex e-con e-child\" data-id=\"4948ece8\" data-element_type=\"container\" data-e-type=\"container\">\n\t\t\t\t<div class=\"elementor-element elementor-element-1ae26f94 elementor-widget elementor-widget-heading\" data-id=\"1ae26f94\" data-element_type=\"widget\" data-e-type=\"widget\" data-widget_type=\"heading.default\">\n\t\t\t\t\t<h1 class=\"elementor-heading-title elementor-size-default\">Nous connaitre<\/h1>\t\t\t\t<\/div>\n\t\t\t\t<div class=\"elementor-element elementor-element-7706edb5 elementor-widget__width-initial elementor-widget elementor-widget-text-editor\" data-id=\"7706edb5\" data-element_type=\"widget\" data-e-type=\"widget\" data-widget_type=\"text-editor.default\">\n\t\t\t\t\t\t\t\t\t<div>Aubaelle est une <b>maison de joaillerie contemporaine<\/b> inspir\u00e9e par l\u2019aube : un <b>symbole de renouveau, de lumi\u00e8re et de nouveaux d\u00e9parts.<\/b><\/div><div>\u00a0<\/div><div>Fort de <b>14 ans d\u2019exp\u00e9rience<\/b> dans l\u2019industrie du diamant, nous mettons notre expertise au service de cr\u00e9ations exigeantes, o\u00f9 chaque d\u00e9tail compte.<\/div><div>\u00a0<\/div><div>L\u2019univers Aubaelle se distingue par des pi\u00e8ces sur mesures lumineuses, aux teintes d\u00e9licates et modernes.<\/div><div>\u00a0<\/div><div>\u00a0<\/div><div>Des bijoux pens\u00e9s pour vous, afin de vous accompagner au mieux dans chaque \u00e9tape de votre vie.<\/div><div><strong>Chaque cr\u00e9ation est con\u00e7ue pour durer, traverser le temps et accompagner celles et ceux qui les portent.<\/strong><\/div><div>\u00a0<\/div><div>Aubaelle, c\u2019est une joaillerie qui allie <strong>savoir-faire<\/strong>, <strong>qualit\u00e9<\/strong> et <strong>modernit\u00e9<\/strong>, avec une <strong>signature lumineuse et affirm\u00e9e<\/strong>.<\/div><div>\u00a0<\/div><div>\u00a0<\/div>\t\t\t\t\t\t\t\t<\/div>\n\t\t\t\t<\/div>\n\t\t<div class=\"elementor-element elementor-element-49631ca3 e-flex e-con-boxed e-con e-child\" data-id=\"49631ca3\" data-element_type=\"container\" data-e-type=\"container\">\n\t\t\t\t\t<div class=\"e-con-inner\">\n\t\t\t\t<div class=\"elementor-element elementor-element-660b9563 animated-slow elementor-invisible elementor-widget elementor-widget-image\" data-id=\"660b9563\" data-element_type=\"widget\" data-e-type=\"widget\" data-settings=\"{&quot;_animation&quot;:&quot;slideInLeft&quot;}\" data-widget_type=\"image.default\">\n\t\t\t\t\t\t\t\t\t\t\t\t\t\t\t<img decoding=\"async\" src=\"https:\/\/aubaelle.com\/wp-content\/uploads\/2026\/04\/WhatsApp-Image-2026-01-05-at-09.48.59.jpeg\" title=\"WhatsApp Image 2026-01-05 at 09.48.59\" alt=\"WhatsApp Image 2026-01-05 at 09.48.59\" loading=\"lazy\" \/>\t\t\t\t\t\t\t\t\t\t\t\t\t\t\t<\/div>\n\t\t\t\t\t<\/div>\n\t\t\t\t<\/div>\n\t\t\t\t\t<\/div>\n\t\t\t\t<\/div>\n\t\t<div class=\"elementor-element elementor-element-9b6cd6c e-flex e-con-boxed e-con e-parent\" data-id=\"9b6cd6c\" data-element_type=\"container\" data-e-type=\"container\">\n\t\t\t\t\t<div class=\"e-con-inner\">\n\t\t<div class=\"elementor-element elementor-element-7f86acac e-con-full e-flex e-con e-child\" data-id=\"7f86acac\" data-element_type=\"container\" data-e-type=\"container\">\n\t\t<div class=\"elementor-element elementor-element-2f264fd8 animated-slow e-con-full e-flex elementor-invisible e-con e-child\" data-id=\"2f264fd8\" data-element_type=\"container\" data-e-type=\"container\" data-settings=\"{&quot;animation&quot;:&quot;slideInRight&quot;,&quot;animation_tablet&quot;:&quot;fadeIn&quot;}\">\n\t\t\t\t<div class=\"elementor-element elementor-element-44b56f72 elementor-widget elementor-widget-image-box\" data-id=\"44b56f72\" data-element_type=\"widget\" data-e-type=\"widget\" data-widget_type=\"image-box.default\">\n\t\t\t\t\t<div class=\"elementor-image-box-wrapper\"><div class=\"elementor-image-box-content\"><h3 class=\"elementor-image-box-title\">Mickael Ben Tassil<\/h3><p class=\"elementor-image-box-description\">Fondateur Aubaelle - Expert en joaillerie<\/p><\/div><\/div>\t\t\t\t<\/div>\n\t\t\t\t<\/div>\n\t\t\t\t<\/div>\n\t\t\t\t\t<\/div>\n\t\t\t\t<\/div>\n\t\t<div class=\"elementor-element elementor-element-932d224 e-flex e-con-boxed e-con e-parent\" data-id=\"932d224\" data-element_type=\"container\" data-e-type=\"container\">\n\t\t\t\t\t<div class=\"e-con-inner\">\n\t\t\t\t\t<\/div>\n\t\t\t\t<\/div>\n\t\t<div class=\"elementor-element elementor-element-efaaafa e-flex e-con-boxed e-con e-parent\" data-id=\"efaaafa\" data-element_type=\"container\" data-e-type=\"container\">\n\t\t\t\t\t<div class=\"e-con-inner\">\n\t\t\t\t<div class=\"elementor-element elementor-element-722dddb elementor-widget elementor-widget-text-editor\" data-id=\"722dddb\" data-element_type=\"widget\" data-e-type=\"widget\" data-widget_type=\"text-editor.default\">\n\t\t\t\t\t\t\t\t\t<p><span style=\"text-wrap-mode: initial;\">\u00a92026 AUBAELLE\u00a0<\/span><\/p><p><a href=\"https:\/\/aubaelle.com\/index.php\/mentions-legales\/\"><span style=\"text-wrap-mode: initial;\">Mentions l\u00e9gales<\/span><\/a><\/p>\t\t\t\t\t\t\t\t<\/div>\n\t\t\t\t\t<\/div>\n\t\t\t\t<\/div>\n\t\t\t\t<\/div>\n\t\t","protected":false},"excerpt":{"rendered":"<p>Accueil \u2022 Nous contacter Nous connaitre Aubaelle est une maison de joaillerie contemporaine inspir\u00e9e par l\u2019aube : un symbole de renouveau, de lumi\u00e8re et de nouveaux d\u00e9parts.\u00a0Fort de 14 ans d\u2019exp\u00e9rience dans l\u2019industrie du diamant, nous mettons notre expertise au service de cr\u00e9ations exigeantes, o\u00f9 chaque d\u00e9tail compte.\u00a0L\u2019univers Aubaelle se distingue par des pi\u00e8ces sur [&hellip;]<\/p>\n","protected":false},"author":1,"featured_media":0,"parent":0,"menu_order":0,"comment_status":"closed","ping_status":"closed","template":"elementor_canvas","meta":{"footnotes":""},"class_list":["post-90","page","type-page","status-publish","hentry"],"_links":{"self":[{"href":"https:\/\/aubaelle.com\/index.php\/wp-json\/wp\/v2\/pages\/90","targetHints":{"allow":["GET"]}}],"collection":[{"href":"https:\/\/aubaelle.com\/index.php\/wp-json\/wp\/v2\/pages"}],"about":[{"href":"https:\/\/aubaelle.com\/index.php\/wp-json\/wp\/v2\/types\/page"}],"author":[{"embeddable":true,"href":"https:\/\/aubaelle.com\/index.php\/wp-json\/wp\/v2\/users\/1"}],"replies":[{"embeddable":true,"href":"https:\/\/aubaelle.com\/index.php\/wp-json\/wp\/v2\/comments?post=90"}],"version-history":[{"count":61,"href":"https:\/\/aubaelle.com\/index.php\/wp-json\/wp\/v2\/pages\/90\/revisions"}],"predecessor-version":[{"id":508,"href":"https:\/\/aubaelle.com\/index.php\/wp-json\/wp\/v2\/pages\/90\/revisions\/508"}],"wp:attachment":[{"href":"https:\/\/aubaelle.com\/index.php\/wp-json\/wp\/v2\/media?parent=90"}],"curies":[{"name":"wp","href":"https:\/\/api.w.org\/{rel}","templated":true}]}}